{"id":754,"date":"2020-12-09T12:51:54","date_gmt":"2020-12-09T12:51:54","guid":{"rendered":"https:\/\/sktperfectdemo.com\/demos\/finance\/?page_id=754"},"modified":"2024-06-20T10:29:51","modified_gmt":"2024-06-20T08:29:51","slug":"contact-layout-1","status":"publish","type":"page","link":"https:\/\/alex-change.com\/index.php\/contact-layout-1\/","title":{"rendered":"Contact"},"content":{"rendered":"\t\t<div data-elementor-type=\"wp-page\" data-elementor-id=\"754\" class=\"elementor elementor-754\">\n\t\t\t\t\t\t<section class=\"elementor-section elementor-top-section elementor-element elementor-element-1bec0f4 elementor-section-boxed elementor-section-height-default elementor-section-height-default\" data-id=\"1bec0f4\" data-element_type=\"section\">\n\t\t\t\t\t\t<div class=\"elementor-container elementor-column-gap-default\">\n\t\t\t\t\t<div class=\"elementor-column elementor-col-100 elementor-top-column elementor-element elementor-element-6f32dc1\" data-id=\"6f32dc1\" data-element_type=\"column\">\n\t\t\t<div class=\"elementor-widget-wrap elementor-element-populated\">\n\t\t\t\t\t\t<div class=\"elementor-element elementor-element-8d23a10 elementor-widget elementor-widget-text-editor\" data-id=\"8d23a10\" data-element_type=\"widget\" data-widget_type=\"text-editor.default\">\n\t\t\t\t<div class=\"elementor-widget-container\">\n\t\t\t<style>\/*! elementor - v3.22.0 - 26-06-2024 *\/\n.elementor-widget-text-editor.elementor-drop-cap-view-stacked .elementor-drop-cap{background-color:#69727d;color:#fff}.elementor-widget-text-editor.elementor-drop-cap-view-framed .elementor-drop-cap{color:#69727d;border:3px solid;background-color:transparent}.elementor-widget-text-editor:not(.elementor-drop-cap-view-default) .elementor-drop-cap{margin-top:8px}.elementor-widget-text-editor:not(.elementor-drop-cap-view-default) .elementor-drop-cap-letter{width:1em;height:1em}.elementor-widget-text-editor .elementor-drop-cap{float:left;text-align:center;line-height:1;font-size:50px}.elementor-widget-text-editor .elementor-drop-cap-letter{display:inline-block}<\/style>\t\t\t\t<h3>\u00a0<\/h3>\n<p><strong>Adresse: <\/strong>37 ,Avenue Lubefu c\/Gombe<\/p>\n<p><strong>T\u00e9l\u00e9phone<\/strong>:00243-0800-000-000<\/p>\n<p><strong>E-mail<\/strong>:-info@usafi-bora.com \/info@overseas-invest.com<\/p>\n<p><strong>Horaires d\u2019ouverture<\/strong><\/p>\n<p>Lundi-Vendredi: 09h00 \u00e0 18h00<\/p>\n<p>Samedi: 10h00 \u00e0 12h00<\/p>\n<p>Dimanche:\u00a0 Ferm\u00e9<\/p>\n<p><strong>Suivez-nous sur les r\u00e9seaux sociaux<\/strong><\/p>\n<p>[Liens vers les pages des r\u00e9seaux sociaux]<\/p>\n<p><strong>Informations suppl\u00e9mentaires<\/strong><\/p>\n<p>Consultez notre page<a href=\"http:\/\/alex-change.com\/index.php\/accueil\/\"><strong>\u00a0\u00c0 propos de nous<\/strong><\/a>\u00a0pour en savoir plus sur notre entreprise et nos produits.<\/p>\t\t\t\t\t\t<\/div>\n\t\t\t\t<\/div>\n\t\t\t\t\t<\/div>\n\t\t<\/div>\n\t\t\t\t\t<\/div>\n\t\t<\/section>\n\t\t\t\t<section class=\"elementor-section elementor-top-section elementor-element elementor-element-72d919b elementor-section-boxed elementor-section-height-default elementor-section-height-default\" data-id=\"72d919b\" data-element_type=\"section\">\n\t\t\t\t\t\t<div class=\"elementor-container elementor-column-gap-default\">\n\t\t\t\t\t<div class=\"elementor-column elementor-col-100 elementor-top-column elementor-element elementor-element-2f58465\" data-id=\"2f58465\" data-element_type=\"column\">\n\t\t\t<div class=\"elementor-widget-wrap elementor-element-populated\">\n\t\t\t\t\t\t<div class=\"elementor-element elementor-element-1de85b1 elementor-widget elementor-widget-google_maps\" data-id=\"1de85b1\" data-element_type=\"widget\" data-widget_type=\"google_maps.default\">\n\t\t\t\t<div class=\"elementor-widget-container\">\n\t\t\t<style>\/*! elementor - v3.22.0 - 26-06-2024 *\/\n.elementor-widget-google_maps .elementor-widget-container{overflow:hidden}.elementor-widget-google_maps .elementor-custom-embed{line-height:0}.elementor-widget-google_maps iframe{height:300px}<\/style>\t\t<div class=\"elementor-custom-embed\">\n\t\t\t<iframe loading=\"lazy\"\n\t\t\t\t\tsrc=\"https:\/\/maps.google.com\/maps?q=bureaux%20sis%20avenue%20Lubefu%2037%2C%202%20entr%C3%A9e%20Royal%20en%20venant%20de%20Mandela&#038;t=m&#038;z=10&#038;output=embed&#038;iwloc=near\"\n\t\t\t\t\ttitle=\"bureaux sis avenue Lubefu 37, 2 entr\u00e9e Royal en venant de Mandela\"\n\t\t\t\t\taria-label=\"bureaux sis avenue Lubefu 37, 2 entr\u00e9e Royal en venant de Mandela\"\n\t\t\t><\/iframe>\n\t\t<\/div>\n\t\t\t\t<\/div>\n\t\t\t\t<\/div>\n\t\t\t\t\t<\/div>\n\t\t<\/div>\n\t\t\t\t\t<\/div>\n\t\t<\/section>\n\t\t\t\t<\/div>\n\t\t","protected":false},"excerpt":{"rendered":"<p>\u00a0 Adresse: 37 ,Avenue Lubefu c\/Gombe T\u00e9l\u00e9phone:00243-0800-000-000 E-mail:-info@usafi-bora.com \/info@overseas-invest.com Horaires d\u2019ouverture Lundi-Vendredi: 09h00 \u00e0 18h00 Samedi: 10h00 \u00e0 12h00 Dimanche:\u00a0 Ferm\u00e9 Suivez-nous sur les r\u00e9seaux sociaux [Liens vers les pages des r\u00e9seaux sociaux] Informations suppl\u00e9mentaires Consultez notre page\u00a0\u00c0 propos de nous\u00a0pour en savoir plus sur notre entreprise et nos produits.<\/p>\n","protected":false},"author":1,"featured_media":0,"parent":0,"menu_order":0,"comment_status":"closed","ping_status":"closed","template":"templates\/page-builder.php","meta":{"footnotes":""},"class_list":["post-754","page","type-page","status-publish","hentry"],"_links":{"self":[{"href":"https:\/\/alex-change.com\/index.php\/wp-json\/wp\/v2\/pages\/754","targetHints":{"allow":["GET"]}}],"collection":[{"href":"https:\/\/alex-change.com\/index.php\/wp-json\/wp\/v2\/pages"}],"about":[{"href":"https:\/\/alex-change.com\/index.php\/wp-json\/wp\/v2\/types\/page"}],"author":[{"embeddable":true,"href":"https:\/\/alex-change.com\/index.php\/wp-json\/wp\/v2\/users\/1"}],"replies":[{"embeddable":true,"href":"https:\/\/alex-change.com\/index.php\/wp-json\/wp\/v2\/comments?post=754"}],"version-history":[{"count":8,"href":"https:\/\/alex-change.com\/index.php\/wp-json\/wp\/v2\/pages\/754\/revisions"}],"predecessor-version":[{"id":1728,"href":"https:\/\/alex-change.com\/index.php\/wp-json\/wp\/v2\/pages\/754\/revisions\/1728"}],"wp:attachment":[{"href":"https:\/\/alex-change.com\/index.php\/wp-json\/wp\/v2\/media?parent=754"}],"curies":[{"name":"wp","href":"https:\/\/api.w.org\/{rel}","templated":true}]}}